{"id":1399,"date":"2018-05-24T08:34:34","date_gmt":"2018-05-24T06:34:34","guid":{"rendered":"http:\/\/www.przedszkole435.waw.pl\/?page_id=1399"},"modified":"2023-11-20T12:55:47","modified_gmt":"2023-11-20T11:55:47","slug":"iodo","status":"publish","type":"page","link":"https:\/\/www.przedszkole435.waw.pl\/bolkowska\/iodo\/","title":{"rendered":"Inspektor Ochrony Danych Osobowych"},"content":{"rendered":"<p><a href=\"http:\/\/www.przedszkole435.waw.pl\/bolkowska\/wp-content\/uploads\/sites\/3\/P435_obowiazek_informacyjny_koronawirus.pdf\">P435_obowiazek_informacyjny_koronawirus<\/a><\/p>\n<p><a role=\"link\" href=\"https:\/\/www.przedszkole435.waw.pl\/wp-content\/uploads\/Inspektor-Danych-osobowych.pdf\">Informacja o Inspektorze Ochrony Danych Osobowych<\/a><\/p>\n<p><a href=\"http:\/\/www.przedszkole435.waw.pl\/wp-content\/uploads\/Informacja-o-przetwarzaniu-danych-osobowych.pdf\">Informacja o przetwarzaniu danych osobowych<\/a><\/p>\n<p><a href=\"http:\/\/www.przedszkole435.waw.pl\/wp-content\/uploads\/Informacja-dla-rodzic\u00f3w.pdf\">Informacja dla rodzic\u00f3w<\/a><\/p>\n<p><a href=\"http:\/\/www.przedszkole435.waw.pl\/wp-content\/uploads\/Informacja-dla-rodzic\u00f3w-wizerunek.pdf\">Informacja dla rodzic\u00f3w &#8211; wizerunek<\/a><\/p>\n<p><a href=\"http:\/\/www.przedszkole435.waw.pl\/bolkowska\/wp-content\/uploads\/sites\/3\/P_435_klauzula_rekrutacyjna_dla_pracownikow.pdf\" target=\"_blank\" rel=\"noopener\">INFORMACJA O PRZETWARZANIU DANYCH OSOBOWYCH KANDYDAT\u00d3W DO PRACY W PRZEDSZKOLU NR 435 W WARSZAWIE NA STANOWISKA PEDAGOGICZNE I SAMORZ\u0104DOWE<\/a><strong>\u00a0<\/strong><\/p>\n<p><a href=\"https:\/\/www.przedszkole435.waw.pl\/bolkowska\/wp-content\/uploads\/sites\/3\/Pakiet_Wychowank\u00f3w_2023_2024_P_435.pdf\">Pakiet_Wychowank\u00f3w_2023_2024_P_435<\/a><\/p>\n","protected":false},"excerpt":{"rendered":"<p>P435_obowiazek_informacyjny_koronawirus Informacja o Inspektorze Ochrony Danych Osobowych Informacja o przetwarzaniu danych osobowych Informacja dla rodzic\u00f3w Informacja dla rodzic\u00f3w &#8211; wizerunek INFORMACJA O PRZETWARZANIU DANYCH OSOBOWYCH KANDYDAT\u00d3W DO PRACY W PRZEDSZKOLU NR 435 W WARSZAWIE NA STANOWISKA PEDAGOGICZNE I SAMORZ\u0104DOWE\u00a0 Pakiet_Wychowank\u00f3w_2023_2024_P_435<\/p>\n","protected":false},"author":1,"featured_media":0,"parent":0,"menu_order":0,"comment_status":"closed","ping_status":"closed","template":"page-1-column.php","meta":{"footnotes":"","_links_to":"","_links_to_target":""},"class_list":["post-1399","page","type-page","status-publish","hentry"],"_links":{"self":[{"href":"https:\/\/www.przedszkole435.waw.pl\/bolkowska\/wp-json\/wp\/v2\/pages\/1399","targetHints":{"allow":["GET"]}}],"collection":[{"href":"https:\/\/www.przedszkole435.waw.pl\/bolkowska\/wp-json\/wp\/v2\/pages"}],"about":[{"href":"https:\/\/www.przedszkole435.waw.pl\/bolkowska\/wp-json\/wp\/v2\/types\/page"}],"author":[{"embeddable":true,"href":"https:\/\/www.przedszkole435.waw.pl\/bolkowska\/wp-json\/wp\/v2\/users\/1"}],"replies":[{"embeddable":true,"href":"https:\/\/www.przedszkole435.waw.pl\/bolkowska\/wp-json\/wp\/v2\/comments?post=1399"}],"version-history":[{"count":9,"href":"https:\/\/www.przedszkole435.waw.pl\/bolkowska\/wp-json\/wp\/v2\/pages\/1399\/revisions"}],"predecessor-version":[{"id":9127,"href":"https:\/\/www.przedszkole435.waw.pl\/bolkowska\/wp-json\/wp\/v2\/pages\/1399\/revisions\/9127"}],"wp:attachment":[{"href":"https:\/\/www.przedszkole435.waw.pl\/bolkowska\/wp-json\/wp\/v2\/media?parent=1399"}],"curies":[{"name":"wp","href":"https:\/\/api.w.org\/{rel}","templated":true}]}}