{"id":1519,"date":"2017-09-09T12:00:50","date_gmt":"2017-09-09T10:00:50","guid":{"rendered":"http:\/\/www.przedszkole435.waw.pl\/?page_id=6"},"modified":"2020-09-09T11:05:50","modified_gmt":"2020-09-09T09:05:50","slug":"o-nas","status":"publish","type":"page","link":"https:\/\/www.przedszkole435.waw.pl\/bolkowska\/o-nas\/","title":{"rendered":"O nas"},"content":{"rendered":"<p>Oddzia\u0142y zamiejscowe Przedszkola Nr 435 powsta\u0142y z przekszta\u0142cenia Przedszkola Nr 63, kt\u00f3re z dniem 1 wrze\u015bnia 2018 r. zosta\u0142o zamkni\u0119te. W przedszkolu funkcjonuj\u0105 dwie grupy &#8211; Liskii Motylki<\/p>\n<p>Przedszkole czynne jest w godzinach 7.00 &#8211; 17.00<\/p>\n<p><strong>Dzieci otrzymuj\u0105 nast\u0119puj\u0105ce posi\u0142ki:<br \/>\n<\/strong><br \/>\n<i class=\"fa fa-clock-o\"><\/i> <strong>8.30<\/strong> \u2013 \u015bniadanie<br \/>\n<i class=\"fa fa-clock-o\"><\/i> <strong>10.15<\/strong> \u2013 drugie \u015bniadanie<br \/>\n<i class=\"fa fa-clock-o\"><\/i> <strong>11.30 <\/strong>\u2013 pierwsze danie obiadowe<br \/>\n<i class=\"fa fa-clock-o\"><\/i> <strong>12.30<\/strong> \u2013 drugie danie obiadowe<br \/>\n<i class=\"fa fa-clock-o\"><\/i> <strong>14.30<\/strong> \u2013 podwieczorek<\/p>\n<p>Mi\u0119dzy \u015bniadaniem i obiadem dzieci otrzymuj\u0105 owoce, a przez ca\u0142y dzie\u0144 dost\u0119pna jest woda mineralna.<\/p>\n","protected":false},"excerpt":{"rendered":"<p>Oddzia\u0142y zamiejscowe Przedszkola Nr 435 powsta\u0142y z przekszta\u0142cenia Przedszkola Nr 63, kt\u00f3re z dniem 1 wrze\u015bnia 2018 r. zosta\u0142o zamkni\u0119te. W przedszkolu funkcjonuj\u0105 dwie grupy &#8211; Liskii Motylki Przedszkole czynne jest w godzinach 7.00 &#8211; 17.00 Dzieci otrzymuj\u0105 nast\u0119puj\u0105ce posi\u0142ki: 8.30 \u2013 \u015bniadanie 10.15 \u2013 drugie \u015bniadanie 11.30 \u2013 pierwsze danie obiadowe 12.30 \u2013 drugie [&hellip;]<\/p>\n","protected":false},"author":1,"featured_media":0,"parent":0,"menu_order":1,"comment_status":"closed","ping_status":"closed","template":"","meta":{"footnotes":"","_links_to":"","_links_to_target":""},"class_list":["post-1519","page","type-page","status-publish","hentry"],"_links":{"self":[{"href":"https:\/\/www.przedszkole435.waw.pl\/bolkowska\/wp-json\/wp\/v2\/pages\/1519","targetHints":{"allow":["GET"]}}],"collection":[{"href":"https:\/\/www.przedszkole435.waw.pl\/bolkowska\/wp-json\/wp\/v2\/pages"}],"about":[{"href":"https:\/\/www.przedszkole435.waw.pl\/bolkowska\/wp-json\/wp\/v2\/types\/page"}],"author":[{"embeddable":true,"href":"https:\/\/www.przedszkole435.waw.pl\/bolkowska\/wp-json\/wp\/v2\/users\/1"}],"replies":[{"embeddable":true,"href":"https:\/\/www.przedszkole435.waw.pl\/bolkowska\/wp-json\/wp\/v2\/comments?post=1519"}],"version-history":[{"count":3,"href":"https:\/\/www.przedszkole435.waw.pl\/bolkowska\/wp-json\/wp\/v2\/pages\/1519\/revisions"}],"predecessor-version":[{"id":3637,"href":"https:\/\/www.przedszkole435.waw.pl\/bolkowska\/wp-json\/wp\/v2\/pages\/1519\/revisions\/3637"}],"wp:attachment":[{"href":"https:\/\/www.przedszkole435.waw.pl\/bolkowska\/wp-json\/wp\/v2\/media?parent=1519"}],"curies":[{"name":"wp","href":"https:\/\/api.w.org\/{rel}","templated":true}]}}