{"id":20,"date":"2017-09-09T12:02:19","date_gmt":"2017-09-09T10:02:19","guid":{"rendered":"http:\/\/www.przedszkole435.waw.pl\/?page_id=20"},"modified":"2026-03-27T14:08:59","modified_gmt":"2026-03-27T13:08:59","slug":"pracownicy","status":"publish","type":"page","link":"https:\/\/www.przedszkole435.waw.pl\/bolkowska\/o-nas\/pracownicy\/","title":{"rendered":"Pracownicy"},"content":{"rendered":"<p><strong>Dyrektor Przedszkola Nr 435<br \/>\n<\/strong>Ma\u0142gorzata Jab\u0142o\u0144ska<\/p>\n<p><strong>Wicedyrektor<br \/>\n<\/strong>Iwona Ciecierska<strong><br \/>\n<\/strong><\/p>\n<p><strong>Oddzia\u0142 I \u201eMotylki\u201d<br \/>\nNauczyciele<\/strong>:<br \/>\nAgnieszka Czerwi\u0144ska<br \/>\nBrygida Lewandowska<\/p>\n<p><strong>Oddzia\u0142 II \u201eLiski\u201d<br \/>\n<\/strong><strong>Nauczyciel<\/strong>:<br \/>\nNatalia Deluga<\/p>\n<p><strong>Pracownik obs\u0142ugi oddzia\u0142 I<br \/>\n<\/strong>Bo\u017cena Walaszek<\/p>\n<p><strong>Pracownik obs\u0142ugi oddzia\u0142 II<br \/>\n<\/strong>Paulina Wroniewska<\/p>\n<p><strong>J\u0119zyk angielski<br \/>\n<\/strong>Agnieszka Miszczak<br \/>\nSzcz\u0119sna Katarzyna<\/p>\n<p><strong>Logopeda<br \/>\n<\/strong>Magdalena Krasucka<\/p>\n<p><strong>Psycholog<br \/>\n<\/strong>Nina St\u0119pie\u0144<\/p>\n<p><strong>Psycholog z ramienia Poradni Psychologiczno \u2013 Pedagogicznej Nr 20<br \/>\n<\/strong>Karolina Reszka<\/p>\n<p><strong>Pedagog Specjalny<br \/>\n<\/strong>Wiktoria Socha<\/p>\n<p><strong>Pracownicy administracji i obs\u0142ugi:<\/strong><\/p>\n<p><strong>Intendent<\/strong><br \/>\nBarbara Szarpak<\/p>\n<p><strong>Kucharz<\/strong><br \/>\nIneza Gajewska<\/p>\n<p><strong>Pracownik do prac ci\u0119\u017ckich<\/strong><br \/>\nZbigniew Sadoch<\/p>\n","protected":false},"excerpt":{"rendered":"<p>Dyrektor Przedszkola Nr 435 Ma\u0142gorzata Jab\u0142o\u0144ska Wicedyrektor Iwona Ciecierska Oddzia\u0142 I \u201eMotylki\u201d Nauczyciele: Agnieszka Czerwi\u0144ska Brygida Lewandowska Oddzia\u0142 II \u201eLiski\u201d Nauczyciel: Natalia Deluga Pracownik obs\u0142ugi oddzia\u0142 I Bo\u017cena Walaszek Pracownik obs\u0142ugi oddzia\u0142 II Paulina Wroniewska J\u0119zyk angielski Agnieszka Miszczak Szcz\u0119sna Katarzyna Logopeda Magdalena Krasucka Psycholog Nina St\u0119pie\u0144 Psycholog z ramienia Poradni Psychologiczno \u2013 Pedagogicznej Nr [&hellip;]<\/p>\n","protected":false},"author":1,"featured_media":0,"parent":1519,"menu_order":2,"comment_status":"closed","ping_status":"closed","template":"","meta":{"footnotes":"","_links_to":"","_links_to_target":""},"class_list":["post-20","page","type-page","status-publish","hentry"],"_links":{"self":[{"href":"https:\/\/www.przedszkole435.waw.pl\/bolkowska\/wp-json\/wp\/v2\/pages\/20","targetHints":{"allow":["GET"]}}],"collection":[{"href":"https:\/\/www.przedszkole435.waw.pl\/bolkowska\/wp-json\/wp\/v2\/pages"}],"about":[{"href":"https:\/\/www.przedszkole435.waw.pl\/bolkowska\/wp-json\/wp\/v2\/types\/page"}],"author":[{"embeddable":true,"href":"https:\/\/www.przedszkole435.waw.pl\/bolkowska\/wp-json\/wp\/v2\/users\/1"}],"replies":[{"embeddable":true,"href":"https:\/\/www.przedszkole435.waw.pl\/bolkowska\/wp-json\/wp\/v2\/comments?post=20"}],"version-history":[{"count":41,"href":"https:\/\/www.przedszkole435.waw.pl\/bolkowska\/wp-json\/wp\/v2\/pages\/20\/revisions"}],"predecessor-version":[{"id":11359,"href":"https:\/\/www.przedszkole435.waw.pl\/bolkowska\/wp-json\/wp\/v2\/pages\/20\/revisions\/11359"}],"up":[{"embeddable":true,"href":"https:\/\/www.przedszkole435.waw.pl\/bolkowska\/wp-json\/wp\/v2\/pages\/1519"}],"wp:attachment":[{"href":"https:\/\/www.przedszkole435.waw.pl\/bolkowska\/wp-json\/wp\/v2\/media?parent=20"}],"curies":[{"name":"wp","href":"https:\/\/api.w.org\/{rel}","templated":true}]}}