{"id":22,"date":"2017-09-09T12:02:33","date_gmt":"2017-09-09T10:02:33","guid":{"rendered":"http:\/\/www.przedszkole435.waw.pl\/?page_id=22"},"modified":"2021-09-15T13:47:27","modified_gmt":"2021-09-15T11:47:27","slug":"podstawa-programowa","status":"publish","type":"page","link":"https:\/\/www.przedszkole435.waw.pl\/bolkowska\/o-nas\/podstawa-programowa\/","title":{"rendered":"Podstawa programowa"},"content":{"rendered":"<h3 style=\"text-align: center;\">ROZPORZ\u0104DZENIE<br \/>\nMINISTRA EDUKACJI NARODOWEJ<br \/>\nz dnia 14 lutego 2017 r.<br \/>\nw sprawie podstawy programowej wychowania przedszkolnego oraz podstawy programowej kszta\u0142cenia og\u00f3lnego<br \/>\ndla szko\u0142y podstawowej, w tym dla uczni\u00f3w z niepe\u0142nosprawno\u015bci\u0105 intelektualn\u0105 w stopniu umiarkowanym<br \/>\nlub znacznym, kszta\u0142cenia og\u00f3lnego dla bran\u017cowej szko\u0142y I stopnia, kszta\u0142cenia og\u00f3lnego<br \/>\ndla szko\u0142y specjalnej przysposabiaj\u0105cej do pracy oraz kszta\u0142cenia og\u00f3lnego dla szko\u0142y policealnej<\/h3>\n<p>&nbsp;<\/p>\n<p><a href=\"http:\/\/www.przedszkole435.waw.pl\/bolkowska\/wp-content\/uploads\/sites\/3\/Podstawa-programowa-1.pdf\">Podstawa-programowa<\/a><\/p>\n","protected":false},"excerpt":{"rendered":"<p>ROZPORZ\u0104DZENIE MINISTRA EDUKACJI NARODOWEJ z dnia 14 lutego 2017 r. w sprawie podstawy programowej wychowania przedszkolnego oraz podstawy programowej kszta\u0142cenia og\u00f3lnego dla szko\u0142y podstawowej, w tym dla uczni\u00f3w z niepe\u0142nosprawno\u015bci\u0105 intelektualn\u0105 w stopniu umiarkowanym lub znacznym, kszta\u0142cenia og\u00f3lnego dla bran\u017cowej szko\u0142y I stopnia, kszta\u0142cenia og\u00f3lnego dla szko\u0142y specjalnej przysposabiaj\u0105cej do pracy oraz kszta\u0142cenia og\u00f3lnego dla [&hellip;]<\/p>\n","protected":false},"author":1,"featured_media":0,"parent":1519,"menu_order":3,"comment_status":"closed","ping_status":"closed","template":"","meta":{"footnotes":"","_links_to":"","_links_to_target":""},"class_list":["post-22","page","type-page","status-publish","hentry"],"_links":{"self":[{"href":"https:\/\/www.przedszkole435.waw.pl\/bolkowska\/wp-json\/wp\/v2\/pages\/22","targetHints":{"allow":["GET"]}}],"collection":[{"href":"https:\/\/www.przedszkole435.waw.pl\/bolkowska\/wp-json\/wp\/v2\/pages"}],"about":[{"href":"https:\/\/www.przedszkole435.waw.pl\/bolkowska\/wp-json\/wp\/v2\/types\/page"}],"author":[{"embeddable":true,"href":"https:\/\/www.przedszkole435.waw.pl\/bolkowska\/wp-json\/wp\/v2\/users\/1"}],"replies":[{"embeddable":true,"href":"https:\/\/www.przedszkole435.waw.pl\/bolkowska\/wp-json\/wp\/v2\/comments?post=22"}],"version-history":[{"count":1,"href":"https:\/\/www.przedszkole435.waw.pl\/bolkowska\/wp-json\/wp\/v2\/pages\/22\/revisions"}],"predecessor-version":[{"id":5259,"href":"https:\/\/www.przedszkole435.waw.pl\/bolkowska\/wp-json\/wp\/v2\/pages\/22\/revisions\/5259"}],"up":[{"embeddable":true,"href":"https:\/\/www.przedszkole435.waw.pl\/bolkowska\/wp-json\/wp\/v2\/pages\/1519"}],"wp:attachment":[{"href":"https:\/\/www.przedszkole435.waw.pl\/bolkowska\/wp-json\/wp\/v2\/media?parent=22"}],"curies":[{"name":"wp","href":"https:\/\/api.w.org\/{rel}","templated":true}]}}