{"id":3150,"date":"2020-01-24T16:38:32","date_gmt":"2020-01-24T15:38:32","guid":{"rendered":"http:\/\/www.przedszkole435.waw.pl\/bolkowska\/?page_id=3150"},"modified":"2026-02-20T14:48:37","modified_gmt":"2026-02-20T13:48:37","slug":"rekrutacja-na-dyzur-wakacyjny","status":"publish","type":"page","link":"https:\/\/www.przedszkole435.waw.pl\/bolkowska\/rodzice\/rekrutacja-na-dyzur-wakacyjny\/","title":{"rendered":"Dy\u017cur wakacyjny 2026"},"content":{"rendered":"<article id=\"post-24394\" class=\"single-post post-24394 post type-post status-publish format-standard hentry category-aktualnosci\">\n<div class=\"entry-content\">\n<h3><strong>W roku szkolnym 2025\/2026 dy\u017cur wakacyjny w naszym przedszkolu odb\u0119dzie si\u0119 od 10 sierpnia do 28 sierpnia 2026 r. Na pozosta\u0142e 6 tygodni b\u0119dzie mo\u017cna zapisa\u0107 dziecko do innego przedszkola lub oddzia\u0142u przedszkolnego przy szkole.<\/strong><\/h3>\n<p>Wszelkie szczeg\u00f3\u0142y dotycz\u0105ce termin\u00f3w, zasad zapis\u00f3w oraz wykazu dy\u017curuj\u0105cych plac\u00f3wek dost\u0119pne s\u0105 pod adresem:<\/p>\n<p><a href=\"https:\/\/eur05.safelinks.protection.outlook.com\/?url=https%3A%2F%2Fedukacja.um.warszawa.pl%2Fprzedszkola-dyzury-wakacyjne&amp;data=05%7C02%7C%7Caee5823061a7411152a108de70843f37%7C7fb57ac212674d8bbd838a898116c90c%7C0%7C0%7C639071910456238004%7CUnknown%7CTWFpbGZsb3d8eyJFbXB0eU1hcGkiOnRydWUsIlYiOiIwLjAuMDAwMCIsIlAiOiJXaW4zMiIsIkFOIjoiTWFpbCIsIldUIjoyfQ%3D%3D%7C0%7C%7C%7C&amp;sdata=tibV%2FWBJnlvSRfbFZ%2BVi7XXI2hbwYkTxYpeqbhHI2uY%3D&amp;reserved=0\">https:\/\/edukacja.um.warszawa.pl\/przedszkola-dyzury-wakacyjne<\/a><\/p>\n<p>Rekrutacja na dy\u017cur wakacyjny odbywa\u0107 si\u0119 b\u0119dzie\u00a0 w systemie elektronicznym od 18 marca 2026 r. do 7 kwietnia 2026 r..<\/p>\n<p>Z dy\u017curu mog\u0105 korzysta\u0107 dzieci ucz\u0119szczaj\u0105ce do przedszkoli prowadzonych przez m.st. Warszawa. Pierwsze\u0144stwo maj\u0105 dzieci ucz\u0119szczaj\u0105ce do danej plac\u00f3wki oraz dzieci rodzic\u00f3w pracuj\u0105cych. Rodzice mog\u0105\u00a0 wybra\u0107 nieograniczon\u0105 liczb\u0119 przedszkoli w danym turnusie.<\/p>\n<h3><strong>DY\u017bUR WAKACYJNY<\/strong><\/h3>\n<h3><strong>\u00b7 Godziny pracy plac\u00f3wki, podczas dy\u017curu wakacyjnego: 07:00 \u2013 17:00<\/strong><\/h3>\n<h3><strong>\u00b7 Stawka \u017cywieniowa za dzie\u0144 wynosi: 17 z\u0142<\/strong><\/h3>\n<h3><strong>\u00b7 Numer konta na kt\u00f3ry nale\u017cy ui\u015bci\u0107 op\u0142at\u0119 za \u017cywienie:<\/strong><\/h3>\n<h3><strong>16 1030 1508 0000 0005 5112 4002<\/strong><\/h3>\n<h3><strong><u>Op\u0142at\u0119 za dy\u017cur wakacyjny nale\u017cy ui\u015bci\u0107 w terminie: <\/u><\/strong><strong>od 24 kwietnia 2026 r.\u00a0 do 8 maja 2026 r.<\/strong><\/h3>\n<\/div>\n<\/article>\n","protected":false},"excerpt":{"rendered":"<p>W roku szkolnym 2025\/2026 dy\u017cur wakacyjny w naszym przedszkolu odb\u0119dzie si\u0119 od 10 sierpnia do 28 sierpnia 2026 r. Na pozosta\u0142e 6 tygodni b\u0119dzie mo\u017cna zapisa\u0107 dziecko do innego przedszkola lub oddzia\u0142u przedszkolnego przy szkole. Wszelkie szczeg\u00f3\u0142y dotycz\u0105ce termin\u00f3w, zasad zapis\u00f3w oraz wykazu dy\u017curuj\u0105cych plac\u00f3wek dost\u0119pne s\u0105 pod adresem: https:\/\/edukacja.um.warszawa.pl\/przedszkola-dyzury-wakacyjne Rekrutacja na dy\u017cur wakacyjny odbywa\u0107 [&hellip;]<\/p>\n","protected":false},"author":1,"featured_media":0,"parent":8,"menu_order":0,"comment_status":"closed","ping_status":"closed","template":"","meta":{"footnotes":"","_links_to":"","_links_to_target":""},"class_list":["post-3150","page","type-page","status-publish","hentry"],"_links":{"self":[{"href":"https:\/\/www.przedszkole435.waw.pl\/bolkowska\/wp-json\/wp\/v2\/pages\/3150","targetHints":{"allow":["GET"]}}],"collection":[{"href":"https:\/\/www.przedszkole435.waw.pl\/bolkowska\/wp-json\/wp\/v2\/pages"}],"about":[{"href":"https:\/\/www.przedszkole435.waw.pl\/bolkowska\/wp-json\/wp\/v2\/types\/page"}],"author":[{"embeddable":true,"href":"https:\/\/www.przedszkole435.waw.pl\/bolkowska\/wp-json\/wp\/v2\/users\/1"}],"replies":[{"embeddable":true,"href":"https:\/\/www.przedszkole435.waw.pl\/bolkowska\/wp-json\/wp\/v2\/comments?post=3150"}],"version-history":[{"count":53,"href":"https:\/\/www.przedszkole435.waw.pl\/bolkowska\/wp-json\/wp\/v2\/pages\/3150\/revisions"}],"predecessor-version":[{"id":11344,"href":"https:\/\/www.przedszkole435.waw.pl\/bolkowska\/wp-json\/wp\/v2\/pages\/3150\/revisions\/11344"}],"up":[{"embeddable":true,"href":"https:\/\/www.przedszkole435.waw.pl\/bolkowska\/wp-json\/wp\/v2\/pages\/8"}],"wp:attachment":[{"href":"https:\/\/www.przedszkole435.waw.pl\/bolkowska\/wp-json\/wp\/v2\/media?parent=3150"}],"curies":[{"name":"wp","href":"https:\/\/api.w.org\/{rel}","templated":true}]}}