{"id":3604,"date":"2020-08-26T06:46:52","date_gmt":"2020-08-26T04:46:52","guid":{"rendered":"http:\/\/www.przedszkole435.waw.pl\/bolkowska\/?page_id=3604"},"modified":"2021-04-08T15:26:11","modified_gmt":"2021-04-08T13:26:11","slug":"koronawirus","status":"publish","type":"page","link":"https:\/\/www.przedszkole435.waw.pl\/bolkowska\/koronawirus\/","title":{"rendered":"Koronawirus"},"content":{"rendered":"<p>W zwi\u0105zku ze zmian\u0105 przepis\u00f3w (podstaw\u0105 prawn\u0105 &#8211; Rozporz\u0105dzenie Ministra Edukacji Narodowej z dnia 20 marca 2020 r. w sprawie szczeg\u00f3lnych rozwi\u0105za\u0144 w okresie czasowego ograniczenia funkcjonowania jednostek systemu o\u015bwiaty w zwi\u0105zku z zapobieganiem, przeciwdzia\u0142aniem i zwalczaniem COVID-19 (Dz.U. 2020 poz. 493 ze zm.)) zaktualizowali\u015bmy obowi\u0105zek informacyjny dotycz\u0105cy przetwarzania danych dzieci i ich rodzic\u00f3w w zwi\u0105zku z realizacj\u0105 wymog\u00f3w dotycz\u0105cych ochrony przed koronawirusem SARS-CoV-2.<\/p>\n<p><a href=\"http:\/\/www.przedszkole435.waw.pl\/bolkowska\/wp-content\/uploads\/sites\/3\/P435_obowiazek_informacyjny_koronawirus_po_zmianach.pdf\">P435_obowiazek_informacyjny_koronawirus_po_zmianach<\/a><\/p>\n<p><a href=\"http:\/\/www.przedszkole435.waw.pl\/wp-content\/uploads\/Procedura-podejrzenia-zakazenia_P-i-SP-og\u00f3lnodost\u0119pne-1.docx\" target=\"_blank\" rel=\"noopener\">Procedura podejrzenia zaka\u017cenia_P i SP og\u00f3lnodost\u0119pne<\/a><\/p>\n<p><a href=\"http:\/\/www.przedszkole435.waw.pl\/wp-content\/uploads\/Procedura-organizacji-opieki_P-i-SP-og\u00f3lnod.specjalne.docx\" target=\"_blank\" rel=\"noopener\">Procedura organizacji opieki_P i SP og\u00f3lnod.+specjalne<\/a><\/p>\n<p><a href=\"http:\/\/www.przedszkole435.waw.pl\/wp-content\/uploads\/informgrafika-dla-rodzic\u00f3w_2.pdf\" target=\"_blank\" rel=\"noopener\">Infografika dla rodzic\u00f3w<\/a><\/p>\n<p><a href=\"http:\/\/www.przedszkole435.waw.pl\/wp-content\/uploads\/Procedura_post\u0119powania_prewencyjnego_P_i_SP_og\u00f3lnodostepne.pdf\" target=\"_blank\" rel=\"noopener\">Procedura post\u0119powania prewencyjnego<\/a><\/p>\n<p><a href=\"http:\/\/www.przedszkole435.waw.pl\/wp-content\/uploads\/Za\u0142acznik_nr_2_do_procedury_post\u0119powania_prewencyjnego.pdf\" target=\"_blank\" rel=\"noopener\">Za\u0142\u0105cznik nr 2 do procedury post\u0119powania prewencyjnego<\/a><\/p>\n<p><a href=\"http:\/\/www.przedszkole435.waw.pl\/wp-content\/uploads\/Wz\u00f3r_oswiadczenie_rodzica_o_zapoznaniu.pdf\" target=\"_blank\" rel=\"noopener\">Wz\u00f3r o\u015bwiadczenia rodzic\u00f3w o zapoznaniu si\u0119 z o\u015bwiadczeniami<\/a><\/p>\n<p><a href=\"http:\/\/www.przedszkole435.waw.pl\/wp-content\/uploads\/Wz\u00f3r_zgoda_na_mierzenie_temperatury.pdf\">Wz\u00f3r zgody na pomiar temperatury<\/a><\/p>\n<p><a href=\"http:\/\/www.przedszkole435.waw.pl\/wp-content\/uploads\/Wytyczne_\u017c\u0142obki_przedszkola_III_aktualizacja-1.pdf\">Wytyczne przeciwepidemiczne G\u0142\u00f3wnego Inspektora Sanitarnego z dnia 2 lipca 2020 r.<\/a><\/p>\n<p><a href=\"http:\/\/www.przedszkole435.waw.pl\/wp-content\/uploads\/procedura-organizacji-pracy-szkol-placowek.pdf\">Procedura organizacji szk\u00f3\u0142\/plac\u00f3wek o\u015bwiatowych prowadzonych przez m. st. Warszaw\u0119 od 1 wrze\u015bnia 2020 r. i post\u0119powania prewencyjnego pracownik\u00f3w oraz rodzic\u00f3w\/opiekun\u00f3w prawnych w czasie zagro\u017cenia epidemicznego<\/a><\/p>\n<p><a href=\"http:\/\/www.przedszkole435.waw.pl\/bolkowska\/wp-content\/uploads\/sites\/3\/Wytyczne-przeciwepidemiczne-G\u0142\u00f3wnego-Inspektora-Sanitarnego-z-25-sierpnia-2020-r.docx\">Wytyczne przeciwepidemiczne G\u0142\u00f3wnego Inspektora Sanitarnego z 25 sierpnia 2020 r<\/a><\/p>\n<p>PROCEDURY<br \/>\nOrganizacja pracy i post\u0119powanie prewencyjne pracownik\u00f3w oraz rodzic\u00f3w\/opiekun\u00f3w prawnych w czasie zagro\u017cenia epidemicznego.<br \/>\nPost\u0119powanie na wypadek podejrzenia zaka\u017cenia u dziecka lub personelu.<br \/>\nWytyczne przeciwepidemiczne dla Przedszkola Nr 435 w Warszawie.<br \/>\n<a href=\"http:\/\/www.przedszkole435.waw.pl\/bolkowska\/wp-content\/uploads\/sites\/3\/NOWA-PROCEDURA-1.pdf\">NOWA PROCEDURA<\/a><\/p>\n<p>Dodatkowe informacje na stronie: <a href=\"http:\/\/edukacja.warszawa.pl\/\" target=\"_blank\" rel=\"noopener\">www.edukacja.warszawa.pl<\/a><\/p>\n","protected":false},"excerpt":{"rendered":"<p>W zwi\u0105zku ze zmian\u0105 przepis\u00f3w (podstaw\u0105 prawn\u0105 &#8211; Rozporz\u0105dzenie Ministra Edukacji Narodowej z dnia 20 marca 2020 r. w sprawie szczeg\u00f3lnych rozwi\u0105za\u0144 w okresie czasowego ograniczenia funkcjonowania jednostek systemu o\u015bwiaty w zwi\u0105zku z zapobieganiem, przeciwdzia\u0142aniem i zwalczaniem COVID-19 (Dz.U. 2020 poz. 493 ze zm.)) zaktualizowali\u015bmy obowi\u0105zek informacyjny dotycz\u0105cy przetwarzania danych dzieci i ich rodzic\u00f3w w [&hellip;]<\/p>\n","protected":false},"author":1,"featured_media":0,"parent":0,"menu_order":0,"comment_status":"closed","ping_status":"closed","template":"page-1-column.php","meta":{"footnotes":"","_links_to":"","_links_to_target":""},"class_list":["post-3604","page","type-page","status-publish","hentry"],"_links":{"self":[{"href":"https:\/\/www.przedszkole435.waw.pl\/bolkowska\/wp-json\/wp\/v2\/pages\/3604","targetHints":{"allow":["GET"]}}],"collection":[{"href":"https:\/\/www.przedszkole435.waw.pl\/bolkowska\/wp-json\/wp\/v2\/pages"}],"about":[{"href":"https:\/\/www.przedszkole435.waw.pl\/bolkowska\/wp-json\/wp\/v2\/types\/page"}],"author":[{"embeddable":true,"href":"https:\/\/www.przedszkole435.waw.pl\/bolkowska\/wp-json\/wp\/v2\/users\/1"}],"replies":[{"embeddable":true,"href":"https:\/\/www.przedszkole435.waw.pl\/bolkowska\/wp-json\/wp\/v2\/comments?post=3604"}],"version-history":[{"count":6,"href":"https:\/\/www.przedszkole435.waw.pl\/bolkowska\/wp-json\/wp\/v2\/pages\/3604\/revisions"}],"predecessor-version":[{"id":4842,"href":"https:\/\/www.przedszkole435.waw.pl\/bolkowska\/wp-json\/wp\/v2\/pages\/3604\/revisions\/4842"}],"wp:attachment":[{"href":"https:\/\/www.przedszkole435.waw.pl\/bolkowska\/wp-json\/wp\/v2\/media?parent=3604"}],"curies":[{"name":"wp","href":"https:\/\/api.w.org\/{rel}","templated":true}]}}