{"id":38,"date":"2017-09-09T12:08:39","date_gmt":"2017-09-09T10:08:39","guid":{"rendered":"http:\/\/www.przedszkole435.waw.pl\/?page_id=38"},"modified":"2026-02-03T14:13:06","modified_gmt":"2026-02-03T13:13:06","slug":"zajecia-dodatkowe","status":"publish","type":"page","link":"https:\/\/www.przedszkole435.waw.pl\/bolkowska\/organizacja\/zajecia-dodatkowe\/","title":{"rendered":"Zaj\u0119cia dodatkowe"},"content":{"rendered":"<h2><strong>LOGOPEDA<\/strong><\/h2>\n<p><strong>Magdalena Krasucka<\/strong><\/p>\n<p>czwartek 11.00-15.30<\/p>\n<div class=\"Message-content\">\n<div id=\"gwpedf86069\">\n<div id=\"gwpedf86069h\">\n<div class=\"gwpedf86069b\" data-message-body=\"true\">\n<div>\n<h2><strong>PSYCHOLOG<\/strong><\/h2>\n<p><strong>Nina St\u0119pie\u0144<\/strong><\/p>\n<p>Dy\u017cur w Przedszkolu Nr 435 ul. Bolkowska 4<\/p>\n<p>wtorek: 9.00-11.00<\/p>\n<p><strong>Przedszkole Nr 435 wsp\u00f3\u0142pracuje z Poradni\u0105 Psychologiczno \u2013 Pedagogiczn\u0105 Nr 20 w Warszawie ul. Powsta\u0144c\u00f3w \u015al\u0105skich 17<\/strong><\/p>\n<p><strong>Reszka <\/strong><strong>Karolina <\/strong><\/p>\n<p>Godziny pracy konsultacyjnej i diagnostycznej psychologa w Poradni Psychologiczno-Pedagogicznej nr 20<br \/>\nul. Powsta\u0144c\u00f3w \u015al\u0105skich 17<br \/>\nPoniedzia\u0142ki: 13.00-15.00<br \/>\nCzwartki: 8:00 &#8211; 12:00<br \/>\nPi\u0105tki: 9:00 &#8211; 12:00<\/p>\n<p>tel. 22 664 49 51 lub 22 666 17 74<\/p>\n<p>Wizyty w Poradni nale\u017cy umawia\u0107 telefonicznie lub osobi\u015bcie w godzinach pracy plac\u00f3wki (8:00 &#8211; 20:00)<\/p>\n<p>Dy\u017cur w Przedszkolu Nr 435 ul. Pe\u0142czy\u0144skiego 24<br \/>\nponiedzia\u0142ek 8.30-12.30 (z wyj\u0105tkiem pierwszego poniedzia\u0142ku miesi\u0105ca)<\/p>\n<p><strong>Dy\u017cur w Przedszkolu Nr 435 ul. Bolkowska 4<\/strong><\/p>\n<p>Pierwszy poniedzia\u0142ek miesi\u0105ca\u00a0 8.30-12.30<\/p>\n<\/div>\n<\/div>\n<\/div>\n<\/div>\n<\/div>\n<div class=\"Message-content\">\n<div id=\"gwpedf86069\">\n<div id=\"gwpedf86069h\">\n<div class=\"gwpedf86069b\" data-message-body=\"true\">\n<h2>ZAJ\u0118CIA RYTMICZNE<\/h2>\n<p><strong>Lewandowska Brygida<\/strong><\/p>\n<p>Zaj\u0119cia rytmiczne odbywaj\u0105 si\u0119 we wtorki oraz \u015brody (godziny zale\u017c\u0105 od zmiany na kt\u00f3r\u0105 pracuje prowadz\u0105ca zaj\u0119cia).<\/p>\n<\/div>\n<\/div>\n<\/div>\n<\/div>\n","protected":false},"excerpt":{"rendered":"<p>LOGOPEDA Magdalena Krasucka czwartek 11.00-15.30 PSYCHOLOG Nina St\u0119pie\u0144 Dy\u017cur w Przedszkolu Nr 435 ul. Bolkowska 4 wtorek: 9.00-11.00 Przedszkole Nr 435 wsp\u00f3\u0142pracuje z Poradni\u0105 Psychologiczno \u2013 Pedagogiczn\u0105 Nr 20 w Warszawie ul. Powsta\u0144c\u00f3w \u015al\u0105skich 17 Reszka Karolina Godziny pracy konsultacyjnej i diagnostycznej psychologa w Poradni Psychologiczno-Pedagogicznej nr 20 ul. Powsta\u0144c\u00f3w \u015al\u0105skich 17 Poniedzia\u0142ki: 13.00-15.00 Czwartki: [&hellip;]<\/p>\n","protected":false},"author":1,"featured_media":0,"parent":10,"menu_order":3,"comment_status":"closed","ping_status":"closed","template":"","meta":{"footnotes":"","_links_to":"","_links_to_target":""},"class_list":["post-38","page","type-page","status-publish","hentry"],"_links":{"self":[{"href":"https:\/\/www.przedszkole435.waw.pl\/bolkowska\/wp-json\/wp\/v2\/pages\/38","targetHints":{"allow":["GET"]}}],"collection":[{"href":"https:\/\/www.przedszkole435.waw.pl\/bolkowska\/wp-json\/wp\/v2\/pages"}],"about":[{"href":"https:\/\/www.przedszkole435.waw.pl\/bolkowska\/wp-json\/wp\/v2\/types\/page"}],"author":[{"embeddable":true,"href":"https:\/\/www.przedszkole435.waw.pl\/bolkowska\/wp-json\/wp\/v2\/users\/1"}],"replies":[{"embeddable":true,"href":"https:\/\/www.przedszkole435.waw.pl\/bolkowska\/wp-json\/wp\/v2\/comments?post=38"}],"version-history":[{"count":32,"href":"https:\/\/www.przedszkole435.waw.pl\/bolkowska\/wp-json\/wp\/v2\/pages\/38\/revisions"}],"predecessor-version":[{"id":11297,"href":"https:\/\/www.przedszkole435.waw.pl\/bolkowska\/wp-json\/wp\/v2\/pages\/38\/revisions\/11297"}],"up":[{"embeddable":true,"href":"https:\/\/www.przedszkole435.waw.pl\/bolkowska\/wp-json\/wp\/v2\/pages\/10"}],"wp:attachment":[{"href":"https:\/\/www.przedszkole435.waw.pl\/bolkowska\/wp-json\/wp\/v2\/media?parent=38"}],"curies":[{"name":"wp","href":"https:\/\/api.w.org\/{rel}","templated":true}]}}