{"id":162,"date":"2017-09-18T17:51:41","date_gmt":"2017-09-18T15:51:41","guid":{"rendered":"http:\/\/www.przedszkole435.waw.pl\/?page_id=162"},"modified":"2025-09-03T13:25:23","modified_gmt":"2025-09-03T11:25:23","slug":"jezyk-angielski","status":"publish","type":"page","link":"https:\/\/www.przedszkole435.waw.pl\/pelczynskiego\/rodzice\/jezyk-angielski\/","title":{"rendered":"J\u0119zyk Angielski"},"content":{"rendered":"<p><strong>J\u0119zyk angielski P. Agnieszka Miszczak<\/strong><\/p>\n<table width=\"1017\">\n<tbody>\n<tr>\n<td width=\"189\"><strong>Poniedzia\u0142ek \u00a0\u00a0\u00a0\u00a0\u00a0\u00a0 Bolkowska <\/strong><\/td>\n<td width=\"158\"><strong>Wtorek <\/strong><\/td>\n<td width=\"211\"><strong>\u015aroda <\/strong><\/td>\n<td width=\"174\"><strong>Czwartek <\/strong><\/p>\n<p><strong>Pe\u0142czy\u0144skiego <\/strong><\/td>\n<td width=\"282\"><strong>Pi\u0105tek <\/strong><\/p>\n<p><strong>Pe\u0142czy\u0144skiego <\/strong><\/td>\n<td width=\"3\"><\/td>\n<\/tr>\n<tr>\n<td colspan=\"6\" width=\"1017\"><strong><em>obowi\u0105zkowy<\/em><\/strong><\/td>\n<\/tr>\n<tr>\n<td width=\"189\"><\/td>\n<td width=\"158\"><\/td>\n<td width=\"211\"><\/td>\n<td width=\"174\">9:00-9:30 Myszki<\/td>\n<td width=\"282\">9:00-9:3 Myszki<\/td>\n<td width=\"3\"><\/td>\n<\/tr>\n<tr>\n<td width=\"189\"><\/td>\n<td width=\"158\"><\/td>\n<td width=\"211\"><\/td>\n<td width=\"174\">9:30-10:00 Biedronki<\/td>\n<td width=\"282\">9:30-10:00 Biedronki<\/td>\n<td width=\"3\"><\/td>\n<\/tr>\n<tr>\n<td width=\"189\"><\/td>\n<td width=\"158\"><\/td>\n<td width=\"211\"><\/td>\n<td width=\"174\">10:00-10:30 Je\u017cyki<\/td>\n<td width=\"282\">10:00-10:30 Je\u017cyki<\/td>\n<td width=\"3\"><\/td>\n<\/tr>\n<tr>\n<td width=\"189\"><\/td>\n<td width=\"158\"><\/td>\n<td width=\"211\"><\/td>\n<td width=\"174\">10:30-11:00 Pszcz\u00f3\u0142ki<\/td>\n<td width=\"282\">10:30-11:00 Pszcz\u00f3\u0142ki<\/td>\n<td width=\"3\"><\/td>\n<\/tr>\n<tr>\n<td width=\"189\">11:00-12:00 Liski<\/td>\n<td width=\"158\"><\/td>\n<td width=\"211\"><\/td>\n<td width=\"174\">11:00-11:30 Tygryski<\/td>\n<td width=\"282\">11:00-11:30 Tygryski<\/td>\n<td width=\"3\"><\/td>\n<\/tr>\n<tr>\n<td width=\"189\">12:00-13:00 Motylki<\/td>\n<td width=\"158\"><\/td>\n<td width=\"211\"><\/td>\n<td width=\"174\">11:30-12:00 S\u00f3wki<\/td>\n<td width=\"282\">11:30-12:00 S\u00f3wki<\/td>\n<td width=\"3\"><\/td>\n<\/tr>\n<tr>\n<td width=\"189\"><\/td>\n<td width=\"158\"><\/td>\n<td width=\"211\"><\/td>\n<td width=\"174\">12:00-12:30 Misie<\/td>\n<td width=\"282\">12:00-12:30 Misie<\/td>\n<td width=\"3\"><\/td>\n<\/tr>\n<tr>\n<td width=\"189\"><\/td>\n<td width=\"158\"><\/td>\n<td width=\"211\"><\/td>\n<td width=\"174\">12:30-13:00 \u017babki<\/td>\n<td width=\"282\">12:30-13:00 \u017babki<\/td>\n<td width=\"3\"><\/td>\n<\/tr>\n<tr>\n<td width=\"189\"><\/td>\n<td width=\"158\"><\/td>\n<td width=\"211\"><\/td>\n<td width=\"174\">13:0013:30 Pingwinki<\/td>\n<td width=\"282\">13:0013:30 Pingwinki<\/td>\n<td width=\"3\"><\/td>\n<\/tr>\n<tr>\n<td colspan=\"6\" width=\"1017\"><strong><em>nadobowi\u0105zkowy<\/em><\/strong><\/td>\n<\/tr>\n<tr>\n<td width=\"189\">11:00\u201312.00 Myszki<\/td>\n<td width=\"158\">15.00-16.00 \u017babki<\/td>\n<td width=\"211\">9.45-10.45 Je\u017cyki<\/td>\n<td width=\"174\">13:30-14:30 S\u00f3wki<\/td>\n<td width=\"282\">13:30-14:30 Tygryski<\/td>\n<td width=\"3\"><\/td>\n<\/tr>\n<tr>\n<td width=\"189\">12.00-12.45 Biedronki<\/td>\n<td width=\"158\"><\/td>\n<td width=\"211\">10.45-11.45 Misie<\/td>\n<td width=\"174\">14:30-15:30 Pingwiny<\/td>\n<td width=\"282\"><\/td>\n<td width=\"3\"><\/td>\n<\/tr>\n<tr>\n<td width=\"189\"><\/td>\n<td width=\"158\"><\/td>\n<td width=\"211\">11.45-12.45 Pszcz\u00f3\u0142ki<\/td>\n<td width=\"174\"><\/td>\n<td width=\"282\"><\/td>\n<td width=\"3\"><\/td>\n<\/tr>\n<tr>\n<td width=\"189\"><\/td>\n<td width=\"158\"><\/td>\n<td width=\"211\"><\/td>\n<td width=\"174\">11.00-12.00 Motylki<\/td>\n<td width=\"282\"><\/td>\n<td width=\"3\"><\/td>\n<\/tr>\n<tr>\n<td width=\"189\"><\/td>\n<td width=\"158\"><\/td>\n<td width=\"211\"><\/td>\n<td width=\"174\">12.00-13.00 Liski<\/td>\n<td width=\"282\"><\/td>\n<td width=\"3\"><\/td>\n<\/tr>\n<\/tbody>\n<\/table>\n<p><strong>\u00a0<\/strong><\/p>\n<p><strong>J\u0119zyk angielski nadobowi\u0105zkowy P. Katarzyna Szcz\u0119sna <\/strong><\/p>\n<table>\n<tbody>\n<tr>\n<td width=\"187\"><strong>Poniedzia\u0142ek<\/strong><\/p>\n<p><strong>Pe\u0142czy\u0144skiego <\/strong><\/td>\n<td width=\"187\"><strong>Wtorek<\/strong><\/p>\n<p><strong>Pe\u0142czy\u0144skiego<\/strong><\/td>\n<td width=\"187\"><strong>\u015aroda<\/strong><\/p>\n<p><strong>Pe\u0142czy\u0144skiego<\/strong><\/td>\n<td width=\"187\"><strong>Czwartek<\/strong><\/p>\n<p><strong>Bolkowska <\/strong><\/td>\n<td width=\"187\"><strong>Pi\u0105tek <\/strong><\/td>\n<\/tr>\n<tr>\n<td colspan=\"5\" width=\"933\"><strong><em>nadobowi\u0105zkowy<\/em><\/strong><\/td>\n<\/tr>\n<tr>\n<td width=\"187\"><\/td>\n<td width=\"187\"><\/td>\n<td width=\"187\">9:30-9:45 Biedronki<\/td>\n<td width=\"187\"><\/td>\n<td width=\"187\"><\/td>\n<\/tr>\n<tr>\n<td width=\"187\"><\/td>\n<td width=\"187\"><\/td>\n<td width=\"187\">9:45-10:45 Je\u017cyki<\/td>\n<td width=\"187\"><\/td>\n<td width=\"187\"><\/td>\n<\/tr>\n<tr>\n<td width=\"187\"><\/td>\n<td width=\"187\"><\/td>\n<td width=\"187\">10:45-11:45 Misie<\/td>\n<td width=\"187\"><\/td>\n<td width=\"187\"><\/td>\n<\/tr>\n<tr>\n<td width=\"187\">11:00-12:00 Myszki<\/td>\n<td width=\"187\"><\/td>\n<td width=\"187\">11:45-12:45 Pszcz\u00f3\u0142ki<\/td>\n<td width=\"187\">11:00-12:00 Motyli<\/td>\n<td width=\"187\"><\/td>\n<\/tr>\n<tr>\n<td width=\"187\">12:00-12:45 Biedronki<\/td>\n<td width=\"187\"><\/td>\n<td width=\"187\"><\/td>\n<td width=\"187\">12:00-13:00 Liski<\/td>\n<td width=\"187\"><\/td>\n<\/tr>\n<tr>\n<td width=\"187\"><\/td>\n<td width=\"187\">15:00-16:00 Pingwinki<\/td>\n<td width=\"187\"><\/td>\n<td width=\"187\"><\/td>\n<td width=\"187\"><\/td>\n<\/tr>\n<\/tbody>\n<\/table>\n<p>&nbsp;<\/p>\n<p>&nbsp;<\/p>\n<p>&nbsp;<\/p>\n<p>&nbsp;<\/p>\n<p>&nbsp;<\/p>\n","protected":false},"excerpt":{"rendered":"<p>J\u0119zyk angielski P. Agnieszka Miszczak Poniedzia\u0142ek \u00a0\u00a0\u00a0\u00a0\u00a0\u00a0 Bolkowska Wtorek \u015aroda Czwartek Pe\u0142czy\u0144skiego Pi\u0105tek Pe\u0142czy\u0144skiego obowi\u0105zkowy 9:00-9:30 Myszki 9:00-9:3 Myszki 9:30-10:00 Biedronki 9:30-10:00 Biedronki 10:00-10:30 Je\u017cyki 10:00-10:30 Je\u017cyki 10:30-11:00 Pszcz\u00f3\u0142ki 10:30-11:00 Pszcz\u00f3\u0142ki 11:00-12:00 Liski 11:00-11:30 Tygryski 11:00-11:30 Tygryski 12:00-13:00 Motylki 11:30-12:00 S\u00f3wki 11:30-12:00 S\u00f3wki 12:00-12:30 Misie 12:00-12:30 Misie 12:30-13:00 \u017babki 12:30-13:00 \u017babki 13:0013:30 Pingwinki 13:0013:30 Pingwinki [&hellip;]<\/p>\n","protected":false},"author":1,"featured_media":0,"parent":8,"menu_order":0,"comment_status":"closed","ping_status":"closed","template":"page-1-column.php","meta":{"footnotes":"","_links_to":"","_links_to_target":""},"class_list":["post-162","page","type-page","status-publish","hentry"],"_links":{"self":[{"href":"https:\/\/www.przedszkole435.waw.pl\/pelczynskiego\/wp-json\/wp\/v2\/pages\/162","targetHints":{"allow":["GET"]}}],"collection":[{"href":"https:\/\/www.przedszkole435.waw.pl\/pelczynskiego\/wp-json\/wp\/v2\/pages"}],"about":[{"href":"https:\/\/www.przedszkole435.waw.pl\/pelczynskiego\/wp-json\/wp\/v2\/types\/page"}],"author":[{"embeddable":true,"href":"https:\/\/www.przedszkole435.waw.pl\/pelczynskiego\/wp-json\/wp\/v2\/users\/1"}],"replies":[{"embeddable":true,"href":"https:\/\/www.przedszkole435.waw.pl\/pelczynskiego\/wp-json\/wp\/v2\/comments?post=162"}],"version-history":[{"count":62,"href":"https:\/\/www.przedszkole435.waw.pl\/pelczynskiego\/wp-json\/wp\/v2\/pages\/162\/revisions"}],"predecessor-version":[{"id":32282,"href":"https:\/\/www.przedszkole435.waw.pl\/pelczynskiego\/wp-json\/wp\/v2\/pages\/162\/revisions\/32282"}],"up":[{"embeddable":true,"href":"https:\/\/www.przedszkole435.waw.pl\/pelczynskiego\/wp-json\/wp\/v2\/pages\/8"}],"wp:attachment":[{"href":"https:\/\/www.przedszkole435.waw.pl\/pelczynskiego\/wp-json\/wp\/v2\/media?parent=162"}],"curies":[{"name":"wp","href":"https:\/\/api.w.org\/{rel}","templated":true}]}}