{"id":24,"date":"2017-09-09T12:06:19","date_gmt":"2017-09-09T10:06:19","guid":{"rendered":"http:\/\/www.przedszkole435.waw.pl\/?page_id=24"},"modified":"2025-12-08T15:04:09","modified_gmt":"2025-12-08T14:04:09","slug":"oplaty","status":"publish","type":"page","link":"https:\/\/www.przedszkole435.waw.pl\/pelczynskiego\/rodzice\/oplaty\/","title":{"rendered":"Op\u0142aty"},"content":{"rendered":"<p><strong>Stawka \u017cywieniowa: (op\u0142acana JEST \u201ez g\u00f3ry\u201d na pocz\u0105tku ka\u017cdego miesi\u0105ca)<\/strong><br \/>\n<em><strong>Podstawa prawna:<\/strong><\/em>\u00a0Zarz\u0105dzenie Nr 1928\/2021 Prezydenta Miasta Sto\u0142ecznego Warszawy w sprawie ustalenia warunk\u00f3w korzystania ze sto\u0142\u00f3wek w przedszkolach i szko\u0142ach M.st. Warszawy.<\/p>\n<p><strong>17,00 z\u0142 (3 posi\u0142ki)<br \/>\n<\/strong><strong>13,60 z\u0142 (2 posi\u0142ki)<\/strong><\/p>\n<p>op\u0142aty mo\u017cecie Pa\u0144stwo uiszcza\u0107 na konto bankowe:<\/p>\n<p><strong>Nr konta: <\/strong><strong>16 1030 1508 0000 0005 5112 4002<\/strong><\/p>\n<p>W tytule prosz\u0119 poda\u0107 imi\u0119, nazwisko i nazw\u0119 grupy dziecka.<\/p>\n<p class=\"gwp403d24bc_ydpf3dc84cbmsonormal\"><b><u>Dane konta Rady Rodzic\u00f3w:<\/u><\/b><\/p>\n<p class=\"gwp403d24bc_ydpf3dc84cbmsonormal\">Rada Rodzic\u00f3w Przedszkola Nr 435 w Warszawie, ul. Pe\u0142czy\u0144skiego 24, 01-471 Warszawa<\/p>\n<p class=\"gwp403d24bc_ydpf3dc84cbmsonormal\">Millennium Bank S.A.<\/p>\n<p class=\"gwp403d24bc_ydpf3dc84cbmsonormal\">Nr konta: <b>92 1160 2202 0000 0004 7534 4835<\/b><\/p>\n<p class=\"gwp403d24bc_ydpf3dc84cbmsonormal\">Sk\u0142adki nale\u017cy ui\u015bci\u0107 do<b><u> w terminie do 10 dnia ka\u017cdego miesi\u0105ca (za danym miesi\u0105c).<\/u><\/b><\/p>\n<p class=\"gwp403d24bc_ydpf3dc84cbmsonormal\">W tytule przelewu wpisujemy: nazw\u0119 grupy\/imi\u0119 i nazwisko Dziecka\/miesi\u0105c wp\u0142aty<\/p>\n<p class=\"gwp403d24bc_ydpf3dc84cbmsonormal\">Przyk\u0142ad: S\u00f3wki\/Jan Kowalski\/09_2024<\/p>\n<p>Telefon do Przedszkola Nr 435 &#8211; 723-244-863<\/p>\n<p>Telefon <u>do zg\u0142aszania nieobecno\u015bci<\/u> dziecka<u>:\u00a0<\/u><u>723-244-861<\/u><\/p>\n<p><strong>Przypominamy, \u017ce nieobecno\u015bci dzieci zg\u0142aszamy pierwszego dnia do <u>godziny 9:00<\/u>, a dzieci do Przedszkola przyprowadzamy do godziny <u>8:20.<\/u><\/strong><\/p>\n<p><strong>Odpisy<\/strong>\u00a0&#8211; dni nieobecno\u015bci dziecka odpisujemy \u2013 zwracamy, przy kolejnej op\u0142acie za przedszkole, z wyj\u0105tkiem pierwszego dnia nieobecno\u015bci. Je\u017celi jednak rodzic zawiadomi przedszkole w dniu poprzedzaj\u0105cym lub w pierwszym dniu nieobecno\u015bci do godziny 9.00, \u017ce dziecko b\u0119dzie nieobecne, odpisujemy r\u00f3wnie\u017c pierwszy dzie\u0144.<\/p>\n","protected":false},"excerpt":{"rendered":"<p>Stawka \u017cywieniowa: (op\u0142acana JEST \u201ez g\u00f3ry\u201d na pocz\u0105tku ka\u017cdego miesi\u0105ca) Podstawa prawna:\u00a0Zarz\u0105dzenie Nr 1928\/2021 Prezydenta Miasta Sto\u0142ecznego Warszawy w sprawie ustalenia warunk\u00f3w korzystania ze sto\u0142\u00f3wek w przedszkolach i szko\u0142ach M.st. Warszawy. 17,00 z\u0142 (3 posi\u0142ki) 13,60 z\u0142 (2 posi\u0142ki) op\u0142aty mo\u017cecie Pa\u0144stwo uiszcza\u0107 na konto bankowe: Nr konta: 16 1030 1508 0000 0005 5112 4002 [&hellip;]<\/p>\n","protected":false},"author":1,"featured_media":0,"parent":8,"menu_order":1,"comment_status":"closed","ping_status":"closed","template":"","meta":{"footnotes":"","_links_to":"","_links_to_target":""},"class_list":["post-24","page","type-page","status-publish","hentry"],"_links":{"self":[{"href":"https:\/\/www.przedszkole435.waw.pl\/pelczynskiego\/wp-json\/wp\/v2\/pages\/24","targetHints":{"allow":["GET"]}}],"collection":[{"href":"https:\/\/www.przedszkole435.waw.pl\/pelczynskiego\/wp-json\/wp\/v2\/pages"}],"about":[{"href":"https:\/\/www.przedszkole435.waw.pl\/pelczynskiego\/wp-json\/wp\/v2\/types\/page"}],"author":[{"embeddable":true,"href":"https:\/\/www.przedszkole435.waw.pl\/pelczynskiego\/wp-json\/wp\/v2\/users\/1"}],"replies":[{"embeddable":true,"href":"https:\/\/www.przedszkole435.waw.pl\/pelczynskiego\/wp-json\/wp\/v2\/comments?post=24"}],"version-history":[{"count":14,"href":"https:\/\/www.przedszkole435.waw.pl\/pelczynskiego\/wp-json\/wp\/v2\/pages\/24\/revisions"}],"predecessor-version":[{"id":32760,"href":"https:\/\/www.przedszkole435.waw.pl\/pelczynskiego\/wp-json\/wp\/v2\/pages\/24\/revisions\/32760"}],"up":[{"embeddable":true,"href":"https:\/\/www.przedszkole435.waw.pl\/pelczynskiego\/wp-json\/wp\/v2\/pages\/8"}],"wp:attachment":[{"href":"https:\/\/www.przedszkole435.waw.pl\/pelczynskiego\/wp-json\/wp\/v2\/media?parent=24"}],"curies":[{"name":"wp","href":"https:\/\/api.w.org\/{rel}","templated":true}]}}