{"id":32,"date":"2017-09-09T12:07:40","date_gmt":"2017-09-09T10:07:40","guid":{"rendered":"http:\/\/www.przedszkole435.waw.pl\/?page_id=32"},"modified":"2026-01-12T13:16:14","modified_gmt":"2026-01-12T12:16:14","slug":"rekrutacja-do-przedszkola","status":"publish","type":"page","link":"https:\/\/www.przedszkole435.waw.pl\/pelczynskiego\/rodzice\/rekrutacja-do-przedszkola\/","title":{"rendered":"Rekrutacja do przedszkola"},"content":{"rendered":"<p><a href=\"http:\/\/www.przedszkole435.waw.pl\/pelczynskiego\/wirtualna-wycieczka-po-przedszkolu-nr-435\/\"><button>Wirtualny spacer po przedszkolu<\/button><\/a><\/p>\n<h3><strong>Szanowni Pa\u0144stwo,<\/strong><\/h3>\n<p>Rekrutacja do przedszkoli, oddzia\u0142\u00f3w przedszkolnych rozpocznie si\u0119\u00a0<strong>10 lutego br. o godz. 13:00<\/strong><br \/>\ni prowadzona b\u0119dzie za pomoc\u0105 elektronicznego systemu rekrutacji dost\u0119pnego pod adresem:<\/p>\n<p>rekrutacja-warszawa.pzo.edu.pl<\/p>\n<p><strong>Rodzice\/prawni opiekunowie, aby wzi\u0105\u0107 udzia\u0142 w post\u0119powaniu rekrutacyjnym, korzystaj\u0105<br \/>\nz zak\u0142adki \u201ezarejestruj si\u0119\u201d gdzie loguj\u0105 si\u0119 wprowadzaj\u0105c:<\/strong><\/p>\n<ul>\n<li>numer PESEL kandydata, imi\u0119 i nazwisko dziecka,<\/li>\n<\/ul>\n<p>lub<\/p>\n<ul>\n<li>numer indentyfikacyjny do systemu informatycznego wydany przez dyrektora plac\u00f3wki pierwszego wyboru (dotyczy dzieci, kt\u00f3re nie posiadaj\u0105 numeru PESEL)<\/li>\n<\/ul>\n<p><strong>Rejestracja wniosku i przes\u0142anie go<\/strong>\u00a0w systemie potrwa<strong>\u00a0do 24 lutego do godz. 20.00<\/strong>. Po tym terminie nie b\u0119dzie mo\u017cliwe wprowadzenie nowych wniosk\u00f3w.<\/p>\n<p><strong>Z\u0142o\u017cenie papierowej wersji wniosku\u00a0<\/strong>o przyj\u0119cie do przedszkola\/oddzia\u0142u przedszkolnego (wraz z dokumentami potwierdzaj\u0105cymi spe\u0142nianie kryteri\u00f3w) b\u0119dzie mo\u017cliwe\u00a0<strong>do 25 lutego do godz. 16.00.<\/strong><\/p>\n<p><strong>Przed wype\u0142nieniem wniosku prosimy o zapoznanie si\u0119 z zasadami, kryteriami oraz harmonogramem rekrutacji.<\/strong><\/p>\n<h3 data-ttstextid=\"6\">Niezb\u0119dne informacje, opis \u015bcie\u017cki post\u0119powania w procedurze rekrutacyjnej, zasady rekrutacji, kryteria przyj\u0119\u0107 wraz\u00a0 harmonogramem i\u00a0list\u0105 potrzebnych dokument\u00f3w uzyskacie Pa\u0144stwo\u00a0<strong>pod adresem:<br \/>\n<a href=\"https:\/\/edukacja.um.warszawa.pl\/przedszkola\">https:\/\/edukacja.um.warszawa.pl\/przedszkola<\/a><br \/>\n<\/strong><\/h3>\n","protected":false},"excerpt":{"rendered":"<p>Wirtualny spacer po przedszkolu Szanowni Pa\u0144stwo, Rekrutacja do przedszkoli, oddzia\u0142\u00f3w przedszkolnych rozpocznie si\u0119\u00a010 lutego br. o godz. 13:00 i prowadzona b\u0119dzie za pomoc\u0105 elektronicznego systemu rekrutacji dost\u0119pnego pod adresem: rekrutacja-warszawa.pzo.edu.pl Rodzice\/prawni opiekunowie, aby wzi\u0105\u0107 udzia\u0142 w post\u0119powaniu rekrutacyjnym, korzystaj\u0105 z zak\u0142adki \u201ezarejestruj si\u0119\u201d gdzie loguj\u0105 si\u0119 wprowadzaj\u0105c: numer PESEL kandydata, imi\u0119 i nazwisko dziecka, lub [&hellip;]<\/p>\n","protected":false},"author":1,"featured_media":0,"parent":8,"menu_order":5,"comment_status":"closed","ping_status":"closed","template":"page-1-column.php","meta":{"footnotes":"","_links_to":"","_links_to_target":""},"class_list":["post-32","page","type-page","status-publish","hentry"],"_links":{"self":[{"href":"https:\/\/www.przedszkole435.waw.pl\/pelczynskiego\/wp-json\/wp\/v2\/pages\/32","targetHints":{"allow":["GET"]}}],"collection":[{"href":"https:\/\/www.przedszkole435.waw.pl\/pelczynskiego\/wp-json\/wp\/v2\/pages"}],"about":[{"href":"https:\/\/www.przedszkole435.waw.pl\/pelczynskiego\/wp-json\/wp\/v2\/types\/page"}],"author":[{"embeddable":true,"href":"https:\/\/www.przedszkole435.waw.pl\/pelczynskiego\/wp-json\/wp\/v2\/users\/1"}],"replies":[{"embeddable":true,"href":"https:\/\/www.przedszkole435.waw.pl\/pelczynskiego\/wp-json\/wp\/v2\/comments?post=32"}],"version-history":[{"count":81,"href":"https:\/\/www.przedszkole435.waw.pl\/pelczynskiego\/wp-json\/wp\/v2\/pages\/32\/revisions"}],"predecessor-version":[{"id":32983,"href":"https:\/\/www.przedszkole435.waw.pl\/pelczynskiego\/wp-json\/wp\/v2\/pages\/32\/revisions\/32983"}],"up":[{"embeddable":true,"href":"https:\/\/www.przedszkole435.waw.pl\/pelczynskiego\/wp-json\/wp\/v2\/pages\/8"}],"wp:attachment":[{"href":"https:\/\/www.przedszkole435.waw.pl\/pelczynskiego\/wp-json\/wp\/v2\/media?parent=32"}],"curies":[{"name":"wp","href":"https:\/\/api.w.org\/{rel}","templated":true}]}}