{"id":38,"date":"2017-09-09T12:08:39","date_gmt":"2017-09-09T10:08:39","guid":{"rendered":"http:\/\/www.przedszkole435.waw.pl\/?page_id=38"},"modified":"2026-02-03T14:09:09","modified_gmt":"2026-02-03T13:09:09","slug":"zajecia-dodatkowe","status":"publish","type":"page","link":"https:\/\/www.przedszkole435.waw.pl\/pelczynskiego\/organizacja\/zajecia-dodatkowe\/","title":{"rendered":"Zaj\u0119cia dodatkowe"},"content":{"rendered":"<h2><strong>ZAJ\u0118CIA LOGOPEDYCZNE<\/strong><\/h2>\n<div class=\"Message-content\">\n<table style=\"height: 292px;\" width=\"474\">\n<tbody>\n<tr>\n<td width=\"147\"><strong>Koz\u0142owska <\/strong><strong>Agnieszka <\/strong><\/td>\n<td width=\"122\">wtorek<\/td>\n<td width=\"90\">9.30-15.00<\/td>\n<\/tr>\n<tr>\n<td><\/td>\n<td>czwartek<\/td>\n<td>9.30-13.30<\/td>\n<\/tr>\n<tr>\n<td><strong>Okni\u0144ska Katarzyna<\/strong><\/td>\n<td>poniedzia\u0142ek<\/td>\n<td>9.00-16.00<\/td>\n<\/tr>\n<tr>\n<td><\/td>\n<td>pi\u0105tek<\/td>\n<td>9.00-16.00<\/td>\n<\/tr>\n<tr>\n<td><strong>Krasucka Magdalena<\/strong><\/td>\n<td>\u015broda<\/td>\n<td>7.45-15.45<\/td>\n<\/tr>\n<tr>\n<td><\/td>\n<td>czwartek<\/td>\n<td>7.45-10.45<\/td>\n<\/tr>\n<tr>\n<td><\/td>\n<td><\/td>\n<td><\/td>\n<\/tr>\n<\/tbody>\n<\/table>\n<\/div>\n<h2><strong>PSYCHOLOG<\/strong><\/h2>\n<div class=\"Message-content\">\n<div id=\"gwpedf86069\">\n<div id=\"gwpedf86069h\">\n<div class=\"gwpedf86069b\" data-message-body=\"true\">\n<table>\n<tbody>\n<tr>\n<td width=\"260\"><strong>Nina St\u0119pie\u0144<\/strong><\/td>\n<td width=\"260\"><\/td>\n<\/tr>\n<tr>\n<td width=\"260\">wtorek<\/p>\n<p>\u015broda<\/p>\n<p>czwartek<\/td>\n<td width=\"260\">11.30-13.30<\/p>\n<p>12.00- 16.00<\/p>\n<p>9.00 \u2013 13.00<\/td>\n<\/tr>\n<\/tbody>\n<\/table>\n<p><strong>Przedszkole Nr 435 wsp\u00f3\u0142pracuje z Poradni\u0105 Psychologiczno \u2013 Pedagogiczn\u0105 Nr 20 w Warszawie ul. Powsta\u0144c\u00f3w \u015al\u0105skich 17<\/strong><\/p>\n<\/div>\n<\/div>\n<\/div>\n<\/div>\n<div class=\"Message-content\">\n<div>\n<table style=\"height: 133px;\" width=\"653\">\n<tbody>\n<tr>\n<td width=\"149\"><\/td>\n<td width=\"144\"><\/td>\n<td width=\"126\"><\/td>\n<td width=\"108\"><\/td>\n<\/tr>\n<tr>\n<td><strong>Reszka <\/strong><strong>Karolina<br \/>\n<\/strong><\/td>\n<td width=\"144\">Poradnia Psychologiczno &#8211; Pedagogiczna Nr 20<\/td>\n<td>Dy\u017cur w P435<br \/>\nwtorek<\/td>\n<td>\u00a08.30-12.30<\/td>\n<\/tr>\n<\/tbody>\n<\/table>\n<\/div>\n<h2><\/h2>\n<h2><strong>PEDAGOG SPECJALNY<\/strong><\/h2>\n<table>\n<tbody>\n<tr>\n<td width=\"260\"><strong>Socha Wiktoria<\/strong><\/td>\n<td width=\"260\"><\/td>\n<\/tr>\n<tr>\n<td width=\"260\">wtorekczwartekpi\u0105tek<\/td>\n<td width=\"260\">11.45 &#8211; 15.3011.00 &#8211; 15.007.30 &#8211; 9.00<\/td>\n<\/tr>\n<\/tbody>\n<\/table>\n<div id=\"gwped23d8b6\">\n<table style=\"height: 41px;\" width=\"123\">\n<tbody>\n<tr>\n<td width=\"149\"><\/td>\n<\/tr>\n<\/tbody>\n<\/table>\n<h2><\/h2>\n<h2><strong>J\u0118ZYK ANGIELSKI<\/strong><\/h2>\n<p><strong>J\u0119zyk angielski P. Agnieszka Miszczak<\/strong><\/p>\n<table width=\"1017\">\n<tbody>\n<tr>\n<td width=\"189\"><strong>Poniedzia\u0142ek \u00a0\u00a0\u00a0\u00a0\u00a0\u00a0 Bolkowska <\/strong><\/td>\n<td width=\"158\"><strong>Wtorek <\/strong><\/td>\n<td width=\"211\"><strong>\u015aroda <\/strong><\/td>\n<td width=\"174\"><strong>Czwartek <\/strong><strong>Pe\u0142czy\u0144skiego <\/strong><\/td>\n<td width=\"282\"><strong>Pi\u0105tek <\/strong><strong>Pe\u0142czy\u0144skiego <\/strong><\/td>\n<td width=\"3\"><\/td>\n<\/tr>\n<tr>\n<td colspan=\"6\" width=\"1017\"><strong><em>obowi\u0105zkowy<\/em><\/strong><\/td>\n<\/tr>\n<tr>\n<td width=\"189\"><\/td>\n<td width=\"158\"><\/td>\n<td width=\"211\"><\/td>\n<td width=\"174\">9:00-9:30 Myszki<\/td>\n<td width=\"282\">9:00-9:3 Myszki<\/td>\n<td width=\"3\"><\/td>\n<\/tr>\n<tr>\n<td width=\"189\"><\/td>\n<td width=\"158\"><\/td>\n<td width=\"211\"><\/td>\n<td width=\"174\">9:30-10:00 Biedronki<\/td>\n<td width=\"282\">9:30-10:00 Biedronki<\/td>\n<td width=\"3\"><\/td>\n<\/tr>\n<tr>\n<td width=\"189\"><\/td>\n<td width=\"158\"><\/td>\n<td width=\"211\"><\/td>\n<td width=\"174\">10:00-10:30 Je\u017cyki<\/td>\n<td width=\"282\">10:00-10:30 Je\u017cyki<\/td>\n<td width=\"3\"><\/td>\n<\/tr>\n<tr>\n<td width=\"189\"><\/td>\n<td width=\"158\"><\/td>\n<td width=\"211\"><\/td>\n<td width=\"174\">10:30-11:00 Pszcz\u00f3\u0142ki<\/td>\n<td width=\"282\">10:30-11:00 Pszcz\u00f3\u0142ki<\/td>\n<td width=\"3\"><\/td>\n<\/tr>\n<tr>\n<td width=\"189\">11:00-12:00 Liski<\/td>\n<td width=\"158\"><\/td>\n<td width=\"211\"><\/td>\n<td width=\"174\">11:00-11:30 Tygryski<\/td>\n<td width=\"282\">11:00-11:30 Tygryski<\/td>\n<td width=\"3\"><\/td>\n<\/tr>\n<tr>\n<td width=\"189\">12:00-13:00 Motylki<\/td>\n<td width=\"158\"><\/td>\n<td width=\"211\"><\/td>\n<td width=\"174\">11:30-12:00 S\u00f3wki<\/td>\n<td width=\"282\">11:30-12:00 S\u00f3wki<\/td>\n<td width=\"3\"><\/td>\n<\/tr>\n<tr>\n<td width=\"189\"><\/td>\n<td width=\"158\"><\/td>\n<td width=\"211\"><\/td>\n<td width=\"174\">12:00-12:30 Misie<\/td>\n<td width=\"282\">12:00-12:30 Misie<\/td>\n<td width=\"3\"><\/td>\n<\/tr>\n<tr>\n<td width=\"189\"><\/td>\n<td width=\"158\"><\/td>\n<td width=\"211\"><\/td>\n<td width=\"174\">12:30-13:00 \u017babki<\/td>\n<td width=\"282\">12:30-13:00 \u017babki<\/td>\n<td width=\"3\"><\/td>\n<\/tr>\n<tr>\n<td width=\"189\"><\/td>\n<td width=\"158\"><\/td>\n<td width=\"211\"><\/td>\n<td width=\"174\">13:0013:30 Pingwinki<\/td>\n<td width=\"282\">13:0013:30 Pingwinki<\/td>\n<td width=\"3\"><\/td>\n<\/tr>\n<tr>\n<td colspan=\"6\" width=\"1017\"><strong><em>nadobowi\u0105zkowy<\/em><\/strong><\/td>\n<\/tr>\n<tr>\n<td width=\"189\">11:00\u201312.00 Myszki<\/td>\n<td width=\"158\">15.00-16.00 \u017babki<\/td>\n<td width=\"211\">9.45-10.45 Je\u017cyki<\/td>\n<td width=\"174\">13:30-14:30 S\u00f3wki<\/td>\n<td width=\"282\">13:30-14:30 Tygryski<\/td>\n<td width=\"3\"><\/td>\n<\/tr>\n<tr>\n<td width=\"189\">12.00-12.45 Biedronki<\/td>\n<td width=\"158\"><\/td>\n<td width=\"211\">10.45-11.45 Misie<\/td>\n<td width=\"174\">14:30-15:30 Pingwiny<\/td>\n<td width=\"282\"><\/td>\n<td width=\"3\"><\/td>\n<\/tr>\n<tr>\n<td width=\"189\"><\/td>\n<td width=\"158\"><\/td>\n<td width=\"211\">11.45-12.45 Pszcz\u00f3\u0142ki<\/td>\n<td width=\"174\"><\/td>\n<td width=\"282\"><\/td>\n<td width=\"3\"><\/td>\n<\/tr>\n<tr>\n<td width=\"189\"><\/td>\n<td width=\"158\"><\/td>\n<td width=\"211\"><\/td>\n<td width=\"174\">11.00-12.00 Motylki<\/td>\n<td width=\"282\"><\/td>\n<td width=\"3\"><\/td>\n<\/tr>\n<tr>\n<td width=\"189\"><\/td>\n<td width=\"158\"><\/td>\n<td width=\"211\"><\/td>\n<td width=\"174\">12.00-13.00 Liski<\/td>\n<td width=\"282\"><\/td>\n<td width=\"3\"><\/td>\n<\/tr>\n<\/tbody>\n<\/table>\n<p><strong>\u00a0<\/strong><\/p>\n<p><strong>J\u0119zyk angielski nadobowi\u0105zkowy P. Katarzyna Szcz\u0119sna <\/strong><\/p>\n<table>\n<tbody>\n<tr>\n<td width=\"187\"><strong>Poniedzia\u0142ek<\/strong><strong>Pe\u0142czy\u0144skiego <\/strong><\/td>\n<td width=\"187\"><strong>Wtorek<\/strong><strong>Pe\u0142czy\u0144skiego<\/strong><\/td>\n<td width=\"187\"><strong>\u015aroda<\/strong><strong>Pe\u0142czy\u0144skiego<\/strong><\/td>\n<td width=\"187\"><strong>Czwartek<\/strong><strong>BOLKOWSKA <\/strong><\/td>\n<td width=\"187\"><strong>Pi\u0105tek <\/strong><\/td>\n<\/tr>\n<tr>\n<td colspan=\"5\" width=\"933\"><strong><em>nadobowi\u0105zkowy<\/em><\/strong><\/td>\n<\/tr>\n<tr>\n<td width=\"187\"><\/td>\n<td width=\"187\"><\/td>\n<td width=\"187\">9:30-9:45 Biedronki<\/td>\n<td width=\"187\"><\/td>\n<td width=\"187\"><\/td>\n<\/tr>\n<tr>\n<td width=\"187\"><\/td>\n<td width=\"187\"><\/td>\n<td width=\"187\">9:45-10:45 Je\u017cyki<\/td>\n<td width=\"187\"><\/td>\n<td width=\"187\"><\/td>\n<\/tr>\n<tr>\n<td width=\"187\"><\/td>\n<td width=\"187\"><\/td>\n<td width=\"187\">10:45-11:45 Misie<\/td>\n<td width=\"187\"><\/td>\n<td width=\"187\"><\/td>\n<\/tr>\n<tr>\n<td width=\"187\">11:00-12:00 Myszki<\/td>\n<td width=\"187\"><\/td>\n<td width=\"187\">11:45-12:45 Pszcz\u00f3\u0142ki<\/td>\n<td width=\"187\">11:00-12:00 Motyli<\/td>\n<td width=\"187\"><\/td>\n<\/tr>\n<tr>\n<td width=\"187\">12:00-12:45 Biedronki<\/td>\n<td width=\"187\"><\/td>\n<td width=\"187\"><\/td>\n<td width=\"187\">12:00-13:00 Liski<\/td>\n<td width=\"187\"><\/td>\n<\/tr>\n<tr>\n<td width=\"187\"><\/td>\n<td width=\"187\">15:00-16:00 Pingwinki<\/td>\n<td width=\"187\"><\/td>\n<td width=\"187\"><\/td>\n<td width=\"187\"><\/td>\n<\/tr>\n<\/tbody>\n<\/table>\n<h2><\/h2>\n<h2>RYTMIKA<\/h2>\n<p><strong>Rytmika P. Svitlana Kalinina <\/strong><\/p>\n<table>\n<tbody>\n<tr>\n<td width=\"187\"><strong>Poniedzia\u0142ek<\/strong><strong>Pe\u0142czy\u0144skiego<\/strong><\/td>\n<td width=\"187\"><strong>Wtorek<\/strong><strong>Pe\u0142czy\u0144skiego <\/strong><\/td>\n<td width=\"187\"><\/td>\n<td width=\"187\"><\/td>\n<td width=\"187\"><\/td>\n<\/tr>\n<tr>\n<td width=\"187\">9:00-9:30 Myszki<\/td>\n<td width=\"187\">9:00-9:3 Myszki<\/td>\n<td width=\"187\"><\/td>\n<td width=\"187\"><\/td>\n<td width=\"187\"><\/td>\n<\/tr>\n<tr>\n<td width=\"187\">9:30-10:00 Biedronki<\/td>\n<td width=\"187\">9:30-10:00 Biedronki<\/td>\n<td width=\"187\"><\/td>\n<td width=\"187\"><\/td>\n<td width=\"187\"><\/td>\n<\/tr>\n<tr>\n<td width=\"187\">10:00-10:30 Je\u017cyki<\/td>\n<td width=\"187\">10:00-10:30 Je\u017cyki<\/td>\n<td width=\"187\"><\/td>\n<td width=\"187\"><\/td>\n<td width=\"187\"><\/td>\n<\/tr>\n<tr>\n<td width=\"187\">10:30-11:00 Pszcz\u00f3\u0142ki<\/td>\n<td width=\"187\">10:30-11:00 Pszcz\u00f3\u0142ki<\/td>\n<td width=\"187\"><\/td>\n<td width=\"187\"><\/td>\n<td width=\"187\"><\/td>\n<\/tr>\n<tr>\n<td width=\"187\">11:00-11:30 Tygryski<\/td>\n<td width=\"187\">11:00-11:30 Tygryski<\/td>\n<td width=\"187\"><\/td>\n<td width=\"187\"><\/td>\n<td width=\"187\"><\/td>\n<\/tr>\n<tr>\n<td width=\"187\">11:30-12:00 \u017babki<\/td>\n<td width=\"187\">11:30-12:00 \u017babki<\/td>\n<td width=\"187\"><\/td>\n<td width=\"187\"><\/td>\n<td width=\"187\"><\/td>\n<\/tr>\n<tr>\n<td width=\"187\">12:00-12:30 Misie<\/td>\n<td width=\"187\">12:00-12:30 Misie<\/td>\n<td width=\"187\"><\/td>\n<td width=\"187\"><\/td>\n<td width=\"187\"><\/td>\n<\/tr>\n<tr>\n<td width=\"187\">12:30-13:00 S\u00f3wki<\/td>\n<td width=\"187\">12:30-13:00 S\u00f3wki<\/td>\n<td width=\"187\"><\/td>\n<td width=\"187\"><\/td>\n<td width=\"187\"><\/td>\n<\/tr>\n<tr>\n<td width=\"187\">13:00-13:30 Pingwinki<\/td>\n<td width=\"187\">13:00-13:30 Pingwinki<\/td>\n<td width=\"187\"><\/td>\n<td width=\"187\"><\/td>\n<td width=\"187\"><\/td>\n<\/tr>\n<\/tbody>\n<\/table>\n<p><strong>\u00a0<\/strong><\/p>\n<\/div>\n<table>\n<tbody>\n<tr>\n<td width=\"260\"><\/td>\n<\/tr>\n<\/tbody>\n<\/table>\n<\/div>\n","protected":false},"excerpt":{"rendered":"<p>ZAJ\u0118CIA LOGOPEDYCZNE Koz\u0142owska Agnieszka wtorek 9.30-15.00 czwartek 9.30-13.30 Okni\u0144ska Katarzyna poniedzia\u0142ek 9.00-16.00 pi\u0105tek 9.00-16.00 Krasucka Magdalena \u015broda 7.45-15.45 czwartek 7.45-10.45 PSYCHOLOG Nina St\u0119pie\u0144 wtorek \u015broda czwartek 11.30-13.30 12.00- 16.00 9.00 \u2013 13.00 Przedszkole Nr 435 wsp\u00f3\u0142pracuje z Poradni\u0105 Psychologiczno \u2013 Pedagogiczn\u0105 Nr 20 w Warszawie ul. Powsta\u0144c\u00f3w \u015al\u0105skich 17 Reszka Karolina Poradnia Psychologiczno &#8211; Pedagogiczna [&hellip;]<\/p>\n","protected":false},"author":1,"featured_media":0,"parent":10,"menu_order":3,"comment_status":"closed","ping_status":"closed","template":"page-1-column.php","meta":{"footnotes":"","_links_to":"","_links_to_target":""},"class_list":["post-38","page","type-page","status-publish","hentry"],"_links":{"self":[{"href":"https:\/\/www.przedszkole435.waw.pl\/pelczynskiego\/wp-json\/wp\/v2\/pages\/38","targetHints":{"allow":["GET"]}}],"collection":[{"href":"https:\/\/www.przedszkole435.waw.pl\/pelczynskiego\/wp-json\/wp\/v2\/pages"}],"about":[{"href":"https:\/\/www.przedszkole435.waw.pl\/pelczynskiego\/wp-json\/wp\/v2\/types\/page"}],"author":[{"embeddable":true,"href":"https:\/\/www.przedszkole435.waw.pl\/pelczynskiego\/wp-json\/wp\/v2\/users\/1"}],"replies":[{"embeddable":true,"href":"https:\/\/www.przedszkole435.waw.pl\/pelczynskiego\/wp-json\/wp\/v2\/comments?post=38"}],"version-history":[{"count":76,"href":"https:\/\/www.przedszkole435.waw.pl\/pelczynskiego\/wp-json\/wp\/v2\/pages\/38\/revisions"}],"predecessor-version":[{"id":33103,"href":"https:\/\/www.przedszkole435.waw.pl\/pelczynskiego\/wp-json\/wp\/v2\/pages\/38\/revisions\/33103"}],"up":[{"embeddable":true,"href":"https:\/\/www.przedszkole435.waw.pl\/pelczynskiego\/wp-json\/wp\/v2\/pages\/10"}],"wp:attachment":[{"href":"https:\/\/www.przedszkole435.waw.pl\/pelczynskiego\/wp-json\/wp\/v2\/media?parent=38"}],"curies":[{"name":"wp","href":"https:\/\/api.w.org\/{rel}","templated":true}]}}