{"id":6,"date":"2017-09-09T12:00:50","date_gmt":"2017-09-09T10:00:50","guid":{"rendered":"http:\/\/www.przedszkole435.waw.pl\/?page_id=6"},"modified":"2024-08-30T21:48:51","modified_gmt":"2024-08-30T19:48:51","slug":"o-nas","status":"publish","type":"page","link":"https:\/\/www.przedszkole435.waw.pl\/pelczynskiego\/o-nas\/","title":{"rendered":"O nas"},"content":{"rendered":"<p>Przedszkole Nr 435 w Warszawie funkcjonuje od wrze\u015bnia 2017 r. W chwili obecnej w przedszkolu funkcjonuje 9 grup \u2013 Myszki, Sowy, Misie, \u017babki, Tygrysy, Je\u017cyki, Biedronki, Pszczo\u0142y oraz Pingwiny.<\/p>\n<p>Przedszkole czynne jest w godzinach 7.00 \u2013 17.00.<\/p>\n<p><strong>Dzieci otrzymuj\u0105 nast\u0119puj\u0105ce posi\u0142ki:<br \/>\n<\/strong><br \/>\n<i class=\"fa fa-clock-o\"><\/i> <strong>8.30 &#8211; 8.50<\/strong> \u2013 \u015bniadanie<br \/>\n<strong>10.00 &#8211; 10.15<\/strong> \u2013 drugie \u015bniadanie<br \/>\n<strong>12.00 &#8211; 12.30 <\/strong>\u2013 obiad<br \/>\n<strong>14.30 &#8211; 15.00<\/strong> \u2013 podwieczorek\/zupa<br \/>\nMi\u0119dzy \u015bniadaniem i obiadem dzieci otrzymuj\u0105 owoce, a przez ca\u0142y dzie\u0144 dost\u0119pna jest woda mineralna.<\/p>\n","protected":false},"excerpt":{"rendered":"<p>Przedszkole Nr 435 w Warszawie funkcjonuje od wrze\u015bnia 2017 r. W chwili obecnej w przedszkolu funkcjonuje 9 grup \u2013 Myszki, Sowy, Misie, \u017babki, Tygrysy, Je\u017cyki, Biedronki, Pszczo\u0142y oraz Pingwiny. Przedszkole czynne jest w godzinach 7.00 \u2013 17.00. Dzieci otrzymuj\u0105 nast\u0119puj\u0105ce posi\u0142ki: 8.30 &#8211; 8.50 \u2013 \u015bniadanie 10.00 &#8211; 10.15 \u2013 drugie \u015bniadanie 12.00 &#8211; 12.30 [&hellip;]<\/p>\n","protected":false},"author":1,"featured_media":0,"parent":0,"menu_order":1,"comment_status":"closed","ping_status":"closed","template":"","meta":{"footnotes":"","_links_to":"","_links_to_target":""},"class_list":["post-6","page","type-page","status-publish","hentry"],"_links":{"self":[{"href":"https:\/\/www.przedszkole435.waw.pl\/pelczynskiego\/wp-json\/wp\/v2\/pages\/6","targetHints":{"allow":["GET"]}}],"collection":[{"href":"https:\/\/www.przedszkole435.waw.pl\/pelczynskiego\/wp-json\/wp\/v2\/pages"}],"about":[{"href":"https:\/\/www.przedszkole435.waw.pl\/pelczynskiego\/wp-json\/wp\/v2\/types\/page"}],"author":[{"embeddable":true,"href":"https:\/\/www.przedszkole435.waw.pl\/pelczynskiego\/wp-json\/wp\/v2\/users\/1"}],"replies":[{"embeddable":true,"href":"https:\/\/www.przedszkole435.waw.pl\/pelczynskiego\/wp-json\/wp\/v2\/comments?post=6"}],"version-history":[{"count":3,"href":"https:\/\/www.przedszkole435.waw.pl\/pelczynskiego\/wp-json\/wp\/v2\/pages\/6\/revisions"}],"predecessor-version":[{"id":29631,"href":"https:\/\/www.przedszkole435.waw.pl\/pelczynskiego\/wp-json\/wp\/v2\/pages\/6\/revisions\/29631"}],"wp:attachment":[{"href":"https:\/\/www.przedszkole435.waw.pl\/pelczynskiego\/wp-json\/wp\/v2\/media?parent=6"}],"curies":[{"name":"wp","href":"https:\/\/api.w.org\/{rel}","templated":true}]}}